{"id":6811,"date":"2018-08-05T10:21:42","date_gmt":"2018-08-05T08:21:42","guid":{"rendered":"https:\/\/web.afbrno.cz\/?page_id=6811"},"modified":"2026-04-07T14:00:47","modified_gmt":"2026-04-07T12:00:47","slug":"contact","status":"publish","type":"page","link":"https:\/\/www.afbrno.cz\/fr\/contact\/","title":{"rendered":"Contact"},"content":{"rendered":"\n<div class=\"wp-block-group\"><div class=\"wp-block-group__inner-container is-layout-constrained wp-block-group-is-layout-constrained\">\n<div class=\"wp-block-columns is-layout-flex wp-container-core-columns-is-layout-9d6595d7 wp-block-columns-is-layout-flex\">\n<div class=\"wp-block-column is-layout-flow wp-block-column-is-layout-flow\">\n<h3 class=\"wp-block-heading h3\">Adresse<\/h3>\n\n\n<ul id=\"kontakty-block_54e961c1b70fa34def424ee8e521c4da\" class=\"kontakty\">\n        <li class=\"mb-4\">\n        <img loading=\"lazy\" decoding=\"async\" width=\"1\" height=\"1\" src=\"https:\/\/www.afbrno.cz\/wp-content\/uploads\/2023\/06\/pin.svg\" class=\"ikonaKontaktu\" alt=\"\" \/>        <div class=\"textkontaktu\"><p>Alliance Fran\u00e7aise Brno<br \/>\n<a href=\"https:\/\/mapy.com\/cs\/zakladni?source=firm&amp;id=153836&amp;x=16.6072314&amp;y=49.2001350&amp;z=17\" target=\"_blank\" rel=\"noopener\">Moravsk\u00e9 n\u00e1m\u011bst\u00ed 690\/15<\/a><br \/>\n602 00 Brno<br \/>\nR\u00e9publique tch\u00e8que<\/p>\n<\/div>\n    <\/li>\n    <\/ul>\n\n\n\n<h3 class=\"wp-block-heading h3\">Secr\u00e9tariat<\/h3>\n\n\n<ul id=\"kontakty-block_01b856647c3ed767282af8c8d5c5eaf9\" class=\"kontakty\">\n        <li class=\"\">\n        <img loading=\"lazy\" decoding=\"async\" width=\"1\" height=\"1\" src=\"https:\/\/www.afbrno.cz\/wp-content\/uploads\/2023\/06\/telefon.svg\" class=\"ikonaKontaktu\" alt=\"\" \/>        <div class=\"textkontaktu\"><p>+420 608 874 299<\/p>\n<\/div>\n    <\/li>\n        <li class=\"mb-4\">\n        <img loading=\"lazy\" decoding=\"async\" width=\"1\" height=\"1\" src=\"https:\/\/www.afbrno.cz\/wp-content\/uploads\/2023\/06\/email.svg\" class=\"ikonaKontaktu\" alt=\"\" \/>        <div class=\"textkontaktu\"><p><a href=\"mailto:info@afbrno.cz\" target=\"_blank\" rel=\"noopener\">info@afbrno.cz<\/a><\/p>\n<\/div>\n    <\/li>\n    <\/ul>\n\n\n\n<div style=\"height:14px\" aria-hidden=\"true\" class=\"wp-block-spacer\"><\/div>\n\n\n\n<h3 class=\"wp-block-heading\">Annuaire des personnels : <a href=\"https:\/\/www.afbrno.cz\/fr\/notre-equipe\/\" data-type=\"link\" data-id=\"https:\/\/www.afbrno.cz\/fr\/notre-equipe\/\" target=\"_blank\" rel=\"noreferrer noopener\">ici<\/a><\/h3>\n\n\n\n<div style=\"height:25px\" aria-hidden=\"true\" class=\"wp-block-spacer\"><\/div>\n\n\n\n<h3 class=\"wp-block-heading\">Horaires d&rsquo;ouverture au public<\/h3>\n\n\n\n<figure class=\"wp-block-table is-style-stripes\"><table><tbody><tr><td><mark style=\"background-color:rgba(0, 0, 0, 0)\" class=\"has-inline-color has-red-color\">lundi<\/mark><\/td><td class=\"has-text-align-center\" data-align=\"center\"><mark style=\"background-color:rgba(0, 0, 0, 0)\" class=\"has-inline-color has-red-color\"><mark style=\"background-color:rgba(0, 0, 0, 0)\" class=\"has-inline-color has-red-color\"><mark style=\"background-color:rgba(0, 0, 0, 0)\" class=\"has-inline-color has-color-text-color\">13h-15h30<\/mark><\/mark><\/mark><\/td><\/tr><tr><td><mark style=\"background-color:rgba(0, 0, 0, 0)\" class=\"has-inline-color has-red-color\">mardi<\/mark><\/td><td class=\"has-text-align-center\" data-align=\"center\"><mark style=\"background-color:rgba(0, 0, 0, 0)\" class=\"has-inline-color has-color-text-color\"><mark style=\"background-color:rgba(0, 0, 0, 0)\" class=\"has-inline-color has-color-text-color\"><mark style=\"background-color:rgba(0, 0, 0, 0)\" class=\"has-inline-color has-red-color\"><mark style=\"background-color:rgba(0, 0, 0, 0)\" class=\"has-inline-color has-color-text-color\">13h-15h30<\/mark><\/mark><\/mark><\/mark><\/td><\/tr><tr><td><mark style=\"background-color:rgba(0, 0, 0, 0)\" class=\"has-inline-color has-red-color\">mercredi<\/mark><\/td><td class=\"has-text-align-center\" data-align=\"center\"><mark style=\"background-color:rgba(0, 0, 0, 0)\" class=\"has-inline-color has-red-color\"><mark style=\"background-color:rgba(0, 0, 0, 0)\" class=\"has-inline-color has-color-text-color\">13h-15h30<\/mark><\/mark><\/td><\/tr><tr><td><mark style=\"background-color:rgba(0, 0, 0, 0)\" class=\"has-inline-color has-red-color\">jeudi<\/mark><\/td><td class=\"has-text-align-center\" data-align=\"center\"><mark style=\"background-color:rgba(0, 0, 0, 0)\" class=\"has-inline-color has-color-text-color\"><mark style=\"background-color:rgba(0, 0, 0, 0)\" class=\"has-inline-color has-color-text-color\"><mark style=\"background-color:rgba(0, 0, 0, 0)\" class=\"has-inline-color has-red-color\"><mark style=\"background-color:rgba(0, 0, 0, 0)\" class=\"has-inline-color has-red-color\"><mark style=\"background-color:rgba(0, 0, 0, 0)\" class=\"has-inline-color has-color-text-color\">13h-15h30<\/mark><\/mark><\/mark><\/mark><\/mark><\/td><\/tr><tr><td><mark style=\"background-color:rgba(0, 0, 0, 0)\" class=\"has-inline-color has-red-color\">vendredi<\/mark><\/td><td class=\"has-text-align-center\" data-align=\"center\"><mark style=\"background-color:rgba(0, 0, 0, 0)\" class=\"has-inline-color has-color-text-color\">ferm\u00e9<\/mark><\/td><\/tr><\/tbody><\/table><\/figure>\n\n\n\n<p>Accueil possible sur rendez-vous en dehors de ces horaires.&nbsp;<\/p>\n\n\n\n<div style=\"height:64px\" aria-hidden=\"true\" class=\"wp-block-spacer\"><\/div>\n\n\n\n<h3 class=\"wp-block-heading h3\">Adresse de facturation<\/h3>\n\n\n<ul id=\"kontakty-block_5bd31e627eda77ff04ef7ed00ee4fa1b\" class=\"kontakty\">\n        <li class=\"mb-4\">\n                <div class=\"textkontaktu\"><p>Alliance Fran\u00e7aise Brno, z. s.<br \/>\nMoravsk\u00e9 n\u00e1m\u011bst\u00ed 690\/15<br \/>\n602 00 Brno<\/p>\n<p>&nbsp;<\/p>\n<p>I\u010cO: <a href=\"https:\/\/or.justice.cz\/ias\/ui\/rejstrik-$firma?ico=00545945\" target=\"_blank\" rel=\"noopener\">00545945<\/a><\/p>\n<p>Association de droit local enregistr\u00e9e aupr\u00e8s du Tribunal de Brno sous le n\u00b0 L 241, non assujettie \u00e0 la TVA<\/p>\n<\/div>\n    <\/li>\n    <\/ul>\n\n\n\n<h3 class=\"wp-block-heading h3\">Coordonn\u00e9es bancaires<\/h3>\n\n\n<ul id=\"kontakty-block_7e2c4b5f71a2e42899119facf5b684b1\" class=\"kontakty\">\n        <li class=\"mb-4\">\n                <div class=\"textkontaktu\"><p>Num\u00e9ro de compte : 26139641\/0100<br \/>\nBanque : Komer\u010dn\u00ed banka<br \/>\nIBAN : CZ48 0100 0000 0000 2613 9641<br \/>\nBIC\/SWIFT : KOMBCZPPXXX<\/p>\n<\/div>\n    <\/li>\n    <\/ul>\n<\/div>\n\n\n\n<div class=\"wp-block-column is-layout-flow wp-block-column-is-layout-flow\">\n<h3 class=\"wp-block-heading h3\">Newsletter<\/h3>\n\n\n\n<p>Souhaitez-vous recevoir des informations sur nos activit\u00e9s ? Laissez-nous votre adresse e-mail et on s&rsquo;occupe du reste !<\/p>\n\n\n\n<div class=\"wp-block-buttons is-layout-flex wp-block-buttons-is-layout-flex\">\n<div class=\"wp-block-button\"><a class=\"wp-block-button__link wp-element-button\" href=\"https:\/\/www.afbrno.cz\/fr\/newsletter\/\" target=\"_blank\" rel=\"noreferrer noopener\">s&rsquo;abonner \u00e0 la newsletter<\/a><\/div>\n<\/div>\n\n\n\n<div style=\"height:56px\" aria-hidden=\"true\" class=\"wp-block-spacer\"><\/div>\n\n\n\n<h3 class=\"wp-block-heading\">O\u00f9 nous trouver<\/h3>\n\n\n\n<p>Nos bureaux et salles de classe se trouvent \u00e0 l&rsquo;adresse <strong>Moravsk\u00e9 n\u00e1m\u011bst\u00ed 15 (au rez-de-chauss\u00e9e sur\u00e9lev\u00e9)<\/strong>. Malheureusement, le b\u00e2timent <strong>n&rsquo;est pas accessible aux personnes circulant en fauteuil roulant <\/strong>et <strong>ne dispose pas d&rsquo;ascenseur<\/strong>.<\/p>\n\n\n\n<figure class=\"wp-block-image size-full\"><a href=\"https:\/\/mapy.com\/cs\/zakladni?source=firm&amp;id=153836&amp;x=16.6072314&amp;y=49.2001350&amp;z=17\" target=\"_blank\" rel=\"noopener\"><img loading=\"lazy\" decoding=\"async\" width=\"1463\" height=\"1123\" src=\"https:\/\/www.afbrno.cz\/wp-content\/uploads\/2025\/09\/mapa-AF-Brno.png\" alt=\"\" class=\"wp-image-33596\" srcset=\"https:\/\/www.afbrno.cz\/wp-content\/uploads\/2025\/09\/mapa-AF-Brno.png 1463w, https:\/\/www.afbrno.cz\/wp-content\/uploads\/2025\/09\/mapa-AF-Brno-460x353.png 460w, https:\/\/www.afbrno.cz\/wp-content\/uploads\/2025\/09\/mapa-AF-Brno-1360x1044.png 1360w, https:\/\/www.afbrno.cz\/wp-content\/uploads\/2025\/09\/mapa-AF-Brno-768x590.png 768w\" sizes=\"auto, (max-width: 1463px) 100vw, 1463px\" \/><\/a><\/figure>\n\n\n\n<div style=\"height:56px\" aria-hidden=\"true\" class=\"wp-block-spacer\"><\/div>\n\n\n\n<h3 class=\"wp-block-heading\">Comment venir chez nous ?<\/h3>\n\n\n\n<p><\/p>\n\n\n\n<h3 class=\"wp-block-heading\"><mark style=\"background-color:rgba(0, 0, 0, 0)\" class=\"has-inline-color has-color-text-color\">Venir en transports en commun :<\/mark><\/h3>\n\n\n<ul id=\"kontakty-block_b539970df8f0c68ee0a92429a10c2315\" class=\"kontakty\">\n        <li class=\"mb-4\">\n                <div class=\"textkontaktu\"><p><strong>Tram n\u00b0 1, 3, 5, 6<\/strong> &#8211; arr\u00eat Moravsk\u00e9 n\u00e1m\u011bst\u00ed<br \/>\n<strong>Tram n\u00b0 4, 11, 12<\/strong> &#8211; arr\u00eat \u010cesk\u00e1<br \/>\n<strong>Trolley n\u00b0 32, 34, 36<\/strong> &#8211; arr\u00eat \u010cesk\u00e1<br \/>\n<strong>Bus n\u00b0 81, 82<\/strong> &#8211; arr\u00eat \u010cesk\u00e1<\/p>\n<p>&nbsp;<\/p>\n<p><a href=\"https:\/\/www.idsjmk.cz\/connection-finder\/search\" target=\"_blank\" rel=\"noopener\"><strong><span class=\"text-uppercase\">-&gt; Trouver mon itin\u00e9raire<\/span><\/strong><\/a><br \/>\n(R\u00e9seau de transport public urbain et interurbain de la r\u00e9gion Moravie du sud)<\/p>\n<\/div>\n    <\/li>\n    <\/ul>\n\n\n\n<h3 class=\"wp-block-heading h3\"><mark style=\"background-color:rgba(0, 0, 0, 0)\" class=\"has-inline-color has-color-text-color\">Se garer pr\u00e8s de chez nous :<\/mark><\/h3>\n\n\n<ul id=\"kontakty-block_4e2a1bc2ff73c0a46dc7e28ff135eca9\" class=\"kontakty\">\n        <li class=\"mb-4\">\n                <div class=\"textkontaktu\"><p>Places de parking :<\/p>\n<p><strong><a href=\"http:\/\/www.parkovani-brno-centrum.cz\/\" target=\"_blank\" rel=\"noopener\">Parkovac\u00ed d\u016fm Rozmar\u00fdn<\/a><\/strong><br \/>\n<strong><a href=\"https:\/\/www.jdparking.cz\/\" target=\"_blank\" rel=\"noopener\">Parkovac\u00ed gar\u00e1\u017ee u Jan\u00e1\u010dkova divadla<\/a><\/strong><\/p>\n<\/div>\n    <\/li>\n    <\/ul>\n<\/div>\n<\/div>\n<\/div><\/div>\n","protected":false},"excerpt":{"rendered":"<p>Adresse Secr\u00e9tariat Annuaire des personnels : ici Horaires d&rsquo;ouverture au public lundi 13h-15h30 mardi 13h-15h30 mercredi 13h-15h30 jeudi 13h-15h30 vendredi ferm\u00e9 Accueil possible sur rendez-vous en dehors de&#8230;<\/p>\n","protected":false},"author":1,"featured_media":0,"parent":0,"menu_order":0,"comment_status":"closed","ping_status":"closed","template":"","meta":{"_acf_changed":false,"footnotes":""},"class_list":["post-6811","page","type-page","status-publish","hentry"],"acf":[],"_links":{"self":[{"href":"https:\/\/www.afbrno.cz\/fr\/wp-json\/wp\/v2\/pages\/6811","targetHints":{"allow":["GET"]}}],"collection":[{"href":"https:\/\/www.afbrno.cz\/fr\/wp-json\/wp\/v2\/pages"}],"about":[{"href":"https:\/\/www.afbrno.cz\/fr\/wp-json\/wp\/v2\/types\/page"}],"author":[{"embeddable":true,"href":"https:\/\/www.afbrno.cz\/fr\/wp-json\/wp\/v2\/users\/1"}],"replies":[{"embeddable":true,"href":"https:\/\/www.afbrno.cz\/fr\/wp-json\/wp\/v2\/comments?post=6811"}],"version-history":[{"count":20,"href":"https:\/\/www.afbrno.cz\/fr\/wp-json\/wp\/v2\/pages\/6811\/revisions"}],"predecessor-version":[{"id":36389,"href":"https:\/\/www.afbrno.cz\/fr\/wp-json\/wp\/v2\/pages\/6811\/revisions\/36389"}],"wp:attachment":[{"href":"https:\/\/www.afbrno.cz\/fr\/wp-json\/wp\/v2\/media?parent=6811"}],"curies":[{"name":"wp","href":"https:\/\/api.w.org\/{rel}","templated":true}]}}