{"id":36528,"date":"2026-04-20T18:18:01","date_gmt":"2026-04-20T16:18:01","guid":{"rendered":"https:\/\/www.afbrno.cz\/?page_id=36528"},"modified":"2026-04-20T18:38:29","modified_gmt":"2026-04-20T16:38:29","slug":"le-defi-inter-alliances-2026","status":"publish","type":"page","link":"https:\/\/www.afbrno.cz\/fr\/le-defi-inter-alliances-2026\/","title":{"rendered":"Le D\u00c9FI Inter-Alliances 2026"},"content":{"rendered":"\n<div class=\"wp-block-columns is-layout-flex wp-container-core-columns-is-layout-9d6595d7 wp-block-columns-is-layout-flex\">\n<div class=\"wp-block-column is-layout-flow wp-block-column-is-layout-flow\" style=\"flex-basis:66.66%\">\n<p>Vous suivez des cours collectifs de fran\u00e7ais de niveau&nbsp;<strong>A2 minimum<\/strong>&nbsp;dans une des&nbsp;<strong>Alliances Fran\u00e7aises de R\u00e9publique tch\u00e8que<\/strong>&nbsp;et vous avez&nbsp;<strong>plus de 18 ans<\/strong>&nbsp;?<\/p>\n\n\n\n<p>Nous vous proposons&nbsp;<strong>une comp\u00e9tition culturelle en ligne des Alliances Fran\u00e7aises :&nbsp;LE D\u00c9FI Inter-Alliances<\/strong>. Cette&nbsp;comp\u00e9tition&nbsp;est organis\u00e9e en collaboration avec la Fondation des Alliances Fran\u00e7aises et avec le soutien de l&rsquo;Alliance Fran\u00e7aise Bruxelles-Europe, TV5MONDE, Didier FLE, \u00c9ditions Maison des Langues, Orange et les Maisons du Voyage. Elle r\u00e9unit tout le r\u00e9seau mondial des Alliances Fran\u00e7aises.<\/p>\n<\/div>\n\n\n\n<div class=\"wp-block-column is-layout-flow wp-block-column-is-layout-flow\" style=\"flex-basis:33.33%\">\n<figure class=\"wp-block-image size-full is-resized\"><img loading=\"lazy\" decoding=\"async\" width=\"279\" height=\"219\" src=\"https:\/\/www.afbrno.cz\/wp-content\/uploads\/2026\/04\/2026-DEFI-Tchequie.png\" alt=\"\" class=\"wp-image-36522\" style=\"aspect-ratio:1.2739921512665002;width:255px;height:auto\"\/><\/figure>\n<\/div>\n<\/div>\n\n\n\n<div style=\"height:39px\" aria-hidden=\"true\" class=\"wp-block-spacer\"><\/div>\n\n\n\n<h5 class=\"wp-block-heading\"><strong><mark style=\"background-color:rgba(0, 0, 0, 0)\" class=\"has-inline-color has-color-text-color\">Calendrier 2026&nbsp;:&nbsp;<\/mark><\/strong><\/h5>\n\n\n\n<div style=\"height:35px\" aria-hidden=\"true\" class=\"wp-block-spacer\"><\/div>\n\n\n\n<h5 class=\"wp-block-heading\"><strong>\u00c9tape 1 : s\u00e9lections LOCALES<\/strong><\/h5>\n\n\n\n<figure class=\"wp-block-table is-style-stripes\"><table><tbody><tr><td><strong>Date<\/strong><\/td><td><strong>Heure<\/strong><\/td><td><strong>Alliance Fran\u00e7aise participante<\/strong><\/td><td><strong>Qui peut participer ?<\/strong><\/td><\/tr><tr><td>6 mai 2026<\/td><td>17h00<\/td><td>Zl\u00edn<\/td><td>tous les apprenants en cours collectifs de fran\u00e7ais<\/td><\/tr><tr><td>6 mai 2026<\/td><td>18h15<\/td><td>Pardubice<\/td><td>tous les apprenants en cours collectifs de fran\u00e7ais<\/td><\/tr><tr><td>11 mai 2026<\/td><td>18h00<\/td><td>Liberec<\/td><td>tous les apprenants en cours collectifs de fran\u00e7ais<\/td><\/tr><tr><td>13 mai 2026<\/td><td>18h00<\/td><td>\u010cesk\u00e9 Bud\u011bjovice<\/td><td>tous les apprenants en cours collectifs de fran\u00e7ais<\/td><\/tr><tr><td>13 mai 2026<\/td><td>18h00<\/td><td>Ostrava<\/td><td>tous les apprenants en cours collectifs de fran\u00e7ais<\/td><\/tr><tr><td>15 mai 2026<\/td><td>18h00<\/td><td>Brno<\/td><td>tous les apprenants en cours collectifs de fran\u00e7ais<\/td><\/tr><\/tbody><\/table><\/figure>\n\n\n\n<p><strong>Les 2 meilleurs gagnants de chaque Alliance se verront attribuer, hormis leur participation \u00e0 la s\u00e9lection nationale,&nbsp;des prix offerts par leur Alliance (r\u00e9duction sur un cours de fran\u00e7ais ou un dipl\u00f4me DELF-DALF). Le participant plac\u00e9 en 3\u00e8me position par Alliance se verra attribuer un livre en fran\u00e7ais.<\/strong><\/p>\n\n\n\n<div style=\"height:59px\" aria-hidden=\"true\" class=\"wp-block-spacer\"><\/div>\n\n\n\n<h5 class=\"wp-block-heading\"><strong>\u00c9tape 2 : s\u00e9lection NATIONALE (R\u00c9PUBLIQUE TCH\u00c8QUE)<\/strong><\/h5>\n\n\n\n<figure class=\"wp-block-table is-style-stripes\"><table><tbody><tr><td><strong>Date<\/strong><\/td><td><strong>Heure<\/strong><\/td><td><strong>Alliances Fran\u00e7aises participantes<\/strong><\/td><td><strong>Qui peut participer ?<\/strong><\/td><\/tr><tr><td>16 mai 2026<\/td><td>12h00<\/td><td>toutes les Alliances Fran\u00e7aises<\/td><td>2 meilleurs gagnants de chaque s\u00e9lection locale<\/td><\/tr><\/tbody><\/table><\/figure>\n\n\n\n<p><strong>Les 2 meilleurs gagnants, hormis leur participation \u00e0 la demi-finale g\u00e9ographique (zone F \u2013 Europe), se verront attribuer des prix offerts par les Alliances Fran\u00e7aises de R\u00e9publique tch\u00e8que et\/ou l\u2019Institut fran\u00e7ais de Prague (2 places gratuites par gagnant pour le Festival du film fran\u00e7ais 2026 ou pour d&rsquo;autres \u00e9v\u00e9nements organis\u00e9s par leur Alliance). <\/strong><\/p>\n\n\n\n<div style=\"height:59px\" aria-hidden=\"true\" class=\"wp-block-spacer\"><\/div>\n\n\n\n<h5 class=\"wp-block-heading\"><strong>\u00c9tape 3 : DEMI-FINALE PAR ZONE G\u00c9OGRAPHIQUE (zone F\/EUROPE)<\/strong><\/h5>\n\n\n\n<figure class=\"wp-block-table is-style-stripes\"><table><tbody><tr><td><strong>Date<\/strong><\/td><td><strong>Heure<\/strong><\/td><td><strong>Qui peut participer ?<\/strong><\/td><\/tr><tr><td>23 mai 2026<\/td><td>\u00e0 confirmer<\/td><td>2 meilleurs gagnants de la s\u00e9lection nationale tch\u00e8que<\/td><\/tr><\/tbody><\/table><\/figure>\n\n\n\n<p><strong>Les gagnants (1 par zone) se verront offrir un s\u00e9jour \u00e0 Bruxelles lors de la semaine du 5 au 11 juillet 2026, afin de participer \u00e0 la finale internationale.&nbsp;Le s\u00e9jour et le d\u00e9placement en Belgique seront pris en charge par les organisateurs du concours.<\/strong><\/p>\n\n\n\n<div style=\"height:59px\" aria-hidden=\"true\" class=\"wp-block-spacer\"><\/div>\n\n\n\n<h5 class=\"wp-block-heading\"><strong>\u00c9tape 4 : FINALE INTERNATIONALE EN FRANCE<\/strong><\/h5>\n\n\n\n<figure class=\"wp-block-table is-style-stripes\"><table><tbody><tr><td><strong>Date<\/strong><\/td><td><strong>Lieu<\/strong><\/td><td><strong>Qui peut participer ?<\/strong><\/td><\/tr><tr><td>du 5 au 11 juillet 2026<\/td><td>Bruxelles<\/td><td>laur\u00e9ats class\u00e9s en 1\u00e8re place dans chaque zone g\u00e9ographique A \u00e0 F<\/td><\/tr><\/tbody><\/table><\/figure>\n\n\n\n<div style=\"height:59px\" aria-hidden=\"true\" class=\"wp-block-spacer\"><\/div>\n\n\n\n<p>Les&nbsp;<strong>3 premi\u00e8res \u00e9tapes&nbsp;se d\u00e9roulent en format virtuel via l&rsquo;application Kahoot<\/strong>. Les laur\u00e9ats class\u00e9s en 1\u00e8re place dans chaque zone participeront \u00e0 la finale internationale \u00e0 Bruxelles. Le transport et le s\u00e9jour sont pris en charge par l&rsquo;organisateur du concours.<\/p>\n\n\n\n<div style=\"height:36px\" aria-hidden=\"true\" class=\"wp-block-spacer\"><\/div>\n\n\n\n<h5 class=\"wp-block-heading\">Vous avez envie de participer ?<\/h5>\n\n\n\n<div style=\"height:36px\" aria-hidden=\"true\" class=\"wp-block-spacer\"><\/div>\n\n\n\n<p>Vous avez&nbsp;<strong>jusqu&rsquo;au 5 mai<\/strong>&nbsp;pour vous inscrire \u00e0 cette comp\u00e9tition.<\/p>\n\n\n\n<div class=\"wp-block-buttons is-layout-flex wp-block-buttons-is-layout-flex\">\n<div class=\"wp-block-button\"><a class=\"wp-block-button__link wp-element-button\" href=\"https:\/\/forms.gle\/ey8CQdUfYXLrzp3Q7\" target=\"_blank\" rel=\"noreferrer noopener\">s&rsquo;inscrire<\/a><\/div>\n<\/div>\n\n\n\n<div style=\"height:59px\" aria-hidden=\"true\" class=\"wp-block-spacer\"><\/div>\n\n\n\n<p><strong>A t\u00e9l\u00e9charger :<\/strong><\/p>\n\n\n\n<ul class=\"wp-block-list\">\n<li><a href=\"https:\/\/www.afbrno.cz\/wp-content\/uploads\/2026\/04\/Reglement-LE-DEFI-Inter-Alliances-2026-Republique-tcheque.pdf\" target=\"_blank\" rel=\"noreferrer noopener\">R\u00e8glement de la&nbsp;comp\u00e9tition&nbsp;LE D\u00c9FI Inter-Alliances (2026)<\/a><\/li>\n<\/ul>\n","protected":false},"excerpt":{"rendered":"<p>Vous suivez des cours collectifs de fran\u00e7ais de niveau&nbsp;A2 minimum&nbsp;dans une des&nbsp;Alliances Fran\u00e7aises de R\u00e9publique tch\u00e8que&nbsp;et vous avez&nbsp;plus de 18 ans&nbsp;? Nous vous proposons&nbsp;une comp\u00e9tition culturelle en ligne&#8230;<\/p>\n","protected":false},"author":3,"featured_media":0,"parent":0,"menu_order":0,"comment_status":"closed","ping_status":"closed","template":"","meta":{"_acf_changed":false,"footnotes":""},"class_list":["post-36528","page","type-page","status-publish","hentry"],"acf":[],"_links":{"self":[{"href":"https:\/\/www.afbrno.cz\/fr\/wp-json\/wp\/v2\/pages\/36528","targetHints":{"allow":["GET"]}}],"collection":[{"href":"https:\/\/www.afbrno.cz\/fr\/wp-json\/wp\/v2\/pages"}],"about":[{"href":"https:\/\/www.afbrno.cz\/fr\/wp-json\/wp\/v2\/types\/page"}],"author":[{"embeddable":true,"href":"https:\/\/www.afbrno.cz\/fr\/wp-json\/wp\/v2\/users\/3"}],"replies":[{"embeddable":true,"href":"https:\/\/www.afbrno.cz\/fr\/wp-json\/wp\/v2\/comments?post=36528"}],"version-history":[{"count":1,"href":"https:\/\/www.afbrno.cz\/fr\/wp-json\/wp\/v2\/pages\/36528\/revisions"}],"predecessor-version":[{"id":36529,"href":"https:\/\/www.afbrno.cz\/fr\/wp-json\/wp\/v2\/pages\/36528\/revisions\/36529"}],"wp:attachment":[{"href":"https:\/\/www.afbrno.cz\/fr\/wp-json\/wp\/v2\/media?parent=36528"}],"curies":[{"name":"wp","href":"https:\/\/api.w.org\/{rel}","templated":true}]}}