{"id":34860,"date":"2025-11-10T16:16:52","date_gmt":"2025-11-10T15:16:52","guid":{"rendered":"https:\/\/www.afbrno.cz\/?page_id=34860"},"modified":"2025-11-10T16:26:04","modified_gmt":"2025-11-10T15:26:04","slug":"cours-en-entreprise","status":"publish","type":"page","link":"https:\/\/www.afbrno.cz\/fr\/cours-en-entreprise\/","title":{"rendered":"Cours en entreprise"},"content":{"rendered":"\n<p>Si vous \u00eates int\u00e9ress\u00e9s par des cours de fran\u00e7ais pour vos employ\u00e9s (cours collectifs ou individuels, en pr\u00e9sentiel ou en ligne), n&rsquo;h\u00e9sitez pas \u00e0 nous contacter. Nos cours sont sur mesure et adapt\u00e9s \u00e0 vos besoins.<\/p>\n\n\n\n<p><strong>Contact : <\/strong><\/p>\n\n\n\n<p>So\u0148a Mi\u0161tov\u00e1, e-mail : <a href=\"mailto:sona.mistova@alliancefrancaise.cz\" target=\"_blank\" rel=\"noreferrer noopener\">sona.mistova@alliancefrancaise.cz<\/a>, t\u00e9l. : 608 874 299<\/p>\n","protected":false},"excerpt":{"rendered":"<p>Si vous \u00eates int\u00e9ress\u00e9s par des cours de fran\u00e7ais pour vos employ\u00e9s (cours collectifs ou individuels, en pr\u00e9sentiel ou en ligne), n&rsquo;h\u00e9sitez pas \u00e0 nous contacter. Nos cours&#8230;<\/p>\n","protected":false},"author":3,"featured_media":0,"parent":0,"menu_order":0,"comment_status":"closed","ping_status":"closed","template":"","meta":{"_acf_changed":false,"footnotes":""},"class_list":["post-34860","page","type-page","status-publish","hentry"],"acf":[],"_links":{"self":[{"href":"https:\/\/www.afbrno.cz\/fr\/wp-json\/wp\/v2\/pages\/34860","targetHints":{"allow":["GET"]}}],"collection":[{"href":"https:\/\/www.afbrno.cz\/fr\/wp-json\/wp\/v2\/pages"}],"about":[{"href":"https:\/\/www.afbrno.cz\/fr\/wp-json\/wp\/v2\/types\/page"}],"author":[{"embeddable":true,"href":"https:\/\/www.afbrno.cz\/fr\/wp-json\/wp\/v2\/users\/3"}],"replies":[{"embeddable":true,"href":"https:\/\/www.afbrno.cz\/fr\/wp-json\/wp\/v2\/comments?post=34860"}],"version-history":[{"count":2,"href":"https:\/\/www.afbrno.cz\/fr\/wp-json\/wp\/v2\/pages\/34860\/revisions"}],"predecessor-version":[{"id":34864,"href":"https:\/\/www.afbrno.cz\/fr\/wp-json\/wp\/v2\/pages\/34860\/revisions\/34864"}],"wp:attachment":[{"href":"https:\/\/www.afbrno.cz\/fr\/wp-json\/wp\/v2\/media?parent=34860"}],"curies":[{"name":"wp","href":"https:\/\/api.w.org\/{rel}","templated":true}]}}