{"id":32995,"date":"2025-07-18T16:13:38","date_gmt":"2025-07-18T14:13:38","guid":{"rendered":"https:\/\/www.afbrno.cz\/?page_id=32995"},"modified":"2025-09-18T21:42:15","modified_gmt":"2025-09-18T19:42:15","slug":"bedekr","status":"publish","type":"page","link":"https:\/\/www.afbrno.cz\/fr\/bedekr\/","title":{"rendered":"D\u00e9couvrir la France"},"content":{"rendered":"\n<p>La \u010cT (T\u00e9l\u00e9vision tch\u00e8que) pr\u00e9sente son \u00e9mission <strong>Bedekr<\/strong> destin\u00e9e aux voyageurs modernes d\u00e9sireux d&rsquo;explorer le monde d&rsquo;une mani\u00e8re peu conventionnelle. Activit\u00e9s passionnantes, conseils sur la culture et la nature, et exp\u00e9riences insolites. <strong>D\u00e9couvrez la France<\/strong> \u00e0 travers <strong>24 \u00e9pisodes<\/strong> de cette \u00e9mission.<\/p>\n\n\n\n<div class=\"wp-block-buttons is-layout-flex wp-block-buttons-is-layout-flex\">\n<div class=\"wp-block-button\"><a class=\"wp-block-button__link wp-element-button\" href=\"https:\/\/www.ceskatelevize.cz\/porady\/10697558767-bedekr\/\" target=\"_blank\" rel=\"noreferrer noopener\">En savoir plus et regarder les \u00e9pisodes<\/a><\/div>\n<\/div>\n\n\n\n<div style=\"height:57px\" aria-hidden=\"true\" class=\"wp-block-spacer\"><\/div>\n\n\n\n<figure class=\"wp-block-image size-full\"><img loading=\"lazy\" decoding=\"async\" width=\"960\" height=\"540\" src=\"https:\/\/www.afbrno.cz\/wp-content\/uploads\/2025\/07\/Bedekr-1.jpg\" alt=\"\" class=\"wp-image-32992\" srcset=\"https:\/\/www.afbrno.cz\/wp-content\/uploads\/2025\/07\/Bedekr-1.jpg 960w, https:\/\/www.afbrno.cz\/wp-content\/uploads\/2025\/07\/Bedekr-1-460x259.jpg 460w, https:\/\/www.afbrno.cz\/wp-content\/uploads\/2025\/07\/Bedekr-1-768x432.jpg 768w\" sizes=\"auto, (max-width: 960px) 100vw, 960px\" \/><\/figure>\n","protected":false},"excerpt":{"rendered":"<p>La \u010cT (T\u00e9l\u00e9vision tch\u00e8que) pr\u00e9sente son \u00e9mission Bedekr destin\u00e9e aux voyageurs modernes d\u00e9sireux d&rsquo;explorer le monde d&rsquo;une mani\u00e8re peu conventionnelle. Activit\u00e9s passionnantes, conseils sur la culture et la&#8230;<\/p>\n","protected":false},"author":3,"featured_media":32990,"parent":0,"menu_order":0,"comment_status":"closed","ping_status":"closed","template":"","meta":{"_acf_changed":false,"footnotes":""},"class_list":["post-32995","page","type-page","status-publish","has-post-thumbnail","hentry"],"acf":[],"_links":{"self":[{"href":"https:\/\/www.afbrno.cz\/fr\/wp-json\/wp\/v2\/pages\/32995","targetHints":{"allow":["GET"]}}],"collection":[{"href":"https:\/\/www.afbrno.cz\/fr\/wp-json\/wp\/v2\/pages"}],"about":[{"href":"https:\/\/www.afbrno.cz\/fr\/wp-json\/wp\/v2\/types\/page"}],"author":[{"embeddable":true,"href":"https:\/\/www.afbrno.cz\/fr\/wp-json\/wp\/v2\/users\/3"}],"replies":[{"embeddable":true,"href":"https:\/\/www.afbrno.cz\/fr\/wp-json\/wp\/v2\/comments?post=32995"}],"version-history":[{"count":6,"href":"https:\/\/www.afbrno.cz\/fr\/wp-json\/wp\/v2\/pages\/32995\/revisions"}],"predecessor-version":[{"id":33507,"href":"https:\/\/www.afbrno.cz\/fr\/wp-json\/wp\/v2\/pages\/32995\/revisions\/33507"}],"wp:featuredmedia":[{"embeddable":true,"href":"https:\/\/www.afbrno.cz\/fr\/wp-json\/wp\/v2\/media\/32990"}],"wp:attachment":[{"href":"https:\/\/www.afbrno.cz\/fr\/wp-json\/wp\/v2\/media?parent=32995"}],"curies":[{"name":"wp","href":"https:\/\/api.w.org\/{rel}","templated":true}]}}