{"id":32721,"date":"2025-07-08T17:01:20","date_gmt":"2025-07-08T15:01:20","guid":{"rendered":"https:\/\/www.afbrno.cz\/?page_id=32721"},"modified":"2025-07-08T17:20:37","modified_gmt":"2025-07-08T15:20:37","slug":"traductions","status":"publish","type":"page","link":"https:\/\/www.afbrno.cz\/fr\/traductions\/","title":{"rendered":"Traductions"},"content":{"rendered":"\n<p>Vous avez besoin d&rsquo;une traduction officielle du tch\u00e8que vers le fran\u00e7ais ou du fran\u00e7ais vers le tch\u00e8que de votre acte de naissance, de votre dipl\u00f4me de fin d&rsquo;\u00e9tudes secondaires ou de votre dipl\u00f4me universitaire ? Vous allez vous marier et vous avez besoin d&rsquo;un interpr\u00e8te pour votre c\u00e9r\u00e9monie de mariage  ? Vous cherchez quelqu&rsquo;un pour traduire des textes techniques et vous ne savez pas \u00e0 qui vous adresser ?<\/p>\n\n\n\n<p>Consultez les <strong>traducteurs asserment\u00e9s<\/strong> :<\/p>\n\n\n\n<ul class=\"wp-block-list\">\n<li><a href=\"https:\/\/seznat.justice.cz\" target=\"_blank\" rel=\"noreferrer noopener\">liste des traducteurs asserment\u00e9s en R\u00e9publique tch\u00e8que<\/a> (cliquez sur l&rsquo;onglet \u00ab\u00a0Tlumo\u010dn\u00edci a p\u0159ekladatel\u00e9\u00a0\u00bb et choisissez la langue cible)<\/li>\n<\/ul>\n\n\n\n<ul class=\"wp-block-list\">\n<li><a href=\"https:\/\/mzv.gov.cz\/paris\/fr\/service_consulaire\/liste_des_traducteurs_et_interpr_tes\/liste_des_traducteurs_et_interpr_tes.html\" data-type=\"link\" data-id=\"https:\/\/mzv.gov.cz\/paris\/fr\/service_consulaire\/liste_des_traducteurs_et_interpr_tes\/liste_des_traducteurs_et_interpr_tes.html\" target=\"_blank\" rel=\"noreferrer noopener\">liste des traducteurs asserment\u00e9s en France<\/a><\/li>\n<\/ul>\n\n\n\n<p><\/p>\n\n\n\n<p><\/p>\n","protected":false},"excerpt":{"rendered":"<p>Vous avez besoin d&rsquo;une traduction officielle du tch\u00e8que vers le fran\u00e7ais ou du fran\u00e7ais vers le tch\u00e8que de votre acte de naissance, de votre dipl\u00f4me de fin d&rsquo;\u00e9tudes&#8230;<\/p>\n","protected":false},"author":3,"featured_media":0,"parent":0,"menu_order":0,"comment_status":"closed","ping_status":"closed","template":"","meta":{"_acf_changed":false,"footnotes":""},"class_list":["post-32721","page","type-page","status-publish","hentry"],"acf":[],"_links":{"self":[{"href":"https:\/\/www.afbrno.cz\/fr\/wp-json\/wp\/v2\/pages\/32721","targetHints":{"allow":["GET"]}}],"collection":[{"href":"https:\/\/www.afbrno.cz\/fr\/wp-json\/wp\/v2\/pages"}],"about":[{"href":"https:\/\/www.afbrno.cz\/fr\/wp-json\/wp\/v2\/types\/page"}],"author":[{"embeddable":true,"href":"https:\/\/www.afbrno.cz\/fr\/wp-json\/wp\/v2\/users\/3"}],"replies":[{"embeddable":true,"href":"https:\/\/www.afbrno.cz\/fr\/wp-json\/wp\/v2\/comments?post=32721"}],"version-history":[{"count":5,"href":"https:\/\/www.afbrno.cz\/fr\/wp-json\/wp\/v2\/pages\/32721\/revisions"}],"predecessor-version":[{"id":32730,"href":"https:\/\/www.afbrno.cz\/fr\/wp-json\/wp\/v2\/pages\/32721\/revisions\/32730"}],"wp:attachment":[{"href":"https:\/\/www.afbrno.cz\/fr\/wp-json\/wp\/v2\/media?parent=32721"}],"curies":[{"name":"wp","href":"https:\/\/api.w.org\/{rel}","templated":true}]}}