{"id":32707,"date":"2025-07-08T16:13:54","date_gmt":"2025-07-08T14:13:54","guid":{"rendered":"https:\/\/www.afbrno.cz\/?page_id=32707"},"modified":"2025-07-08T17:50:00","modified_gmt":"2025-07-08T15:50:00","slug":"logements-etudiants","status":"publish","type":"page","link":"https:\/\/www.afbrno.cz\/fr\/logements-etudiants\/","title":{"rendered":"Logements \u00e9tudiants"},"content":{"rendered":"\n<p>Vous venez \u00e0 Brno dans le cadre d&rsquo;un stage Erasmus+ ? Vous n&rsquo;avez pas la possibilit\u00e9 ou l&rsquo;envie de loger en r\u00e9sidence universitaire ? Peut-\u00eatre un <strong>logement priv\u00e9<\/strong> serait une solution pour vous ? Voici quelques propositions de logements \u00e9tudiants. Attention, notre Alliance Fran\u00e7aise <strong>ne joue pas de r\u00f4le d&rsquo;interm\u00e9diaire<\/strong>, <strong>n&rsquo;assure pas le contact<\/strong> avec les h\u00e9bergeurs et <strong>ne garantit pas<\/strong> la qualit\u00e9 des services d&rsquo;h\u00e9bergement propos\u00e9s.<\/p>\n\n\n\n<p><a href=\"http:\/\/www.abcstudenthome.cz\" target=\"_blank\" data-type=\"link\" data-id=\"www.abcstudenthome.cz\" rel=\"noreferrer noopener\">www.abcstudenthome.cz<\/a><\/p>\n\n\n\n<p><a href=\"http:\/\/www.kolej.cz\" target=\"_blank\" rel=\"noreferrer noopener\">http:\/\/www.kolej.cz<\/a><\/p>\n\n\n\n<p><a href=\"http:\/\/www.ubytovaniprostudentyvbrne.cz\" target=\"_blank\" data-type=\"link\" data-id=\"www.ubytovaniprostudentyvbrne.cz\" rel=\"noreferrer noopener\">https:\/\/www.ubytovaniprostudentyvbrne.cz<\/a><\/p>\n\n\n\n<p><a href=\"http:\/\/www.espolubydleni.cz\/podnajem-spolubydlici\/brno\" target=\"_blank\" rel=\"noreferrer noopener\">https:\/\/www.espolubydleni.cz\/podnajem-spolubydlici\/brno<\/a><\/p>\n\n\n\n<p><a href=\"http:\/\/www.flatio.cz\/ubytovani-pro-studenty-brno\" target=\"_blank\" rel=\"noreferrer noopener\">www.flatio.cz\/ubytovani-pro-studenty-brno<\/a><\/p>\n\n\n\n<p><a href=\"https:\/\/studentapartments.cz\" target=\"_blank\" rel=\"noreferrer noopener\">https:\/\/studentapartments.cz<\/a><\/p>\n\n\n\n<p><\/p>\n\n\n\n<p><\/p>\n","protected":false},"excerpt":{"rendered":"<p>Vous venez \u00e0 Brno dans le cadre d&rsquo;un stage Erasmus+ ? Vous n&rsquo;avez pas la possibilit\u00e9 ou l&rsquo;envie de loger en r\u00e9sidence universitaire ? Peut-\u00eatre un logement priv\u00e9&#8230;<\/p>\n","protected":false},"author":3,"featured_media":0,"parent":0,"menu_order":0,"comment_status":"closed","ping_status":"closed","template":"","meta":{"_acf_changed":false,"footnotes":""},"class_list":["post-32707","page","type-page","status-publish","hentry"],"acf":[],"_links":{"self":[{"href":"https:\/\/www.afbrno.cz\/fr\/wp-json\/wp\/v2\/pages\/32707","targetHints":{"allow":["GET"]}}],"collection":[{"href":"https:\/\/www.afbrno.cz\/fr\/wp-json\/wp\/v2\/pages"}],"about":[{"href":"https:\/\/www.afbrno.cz\/fr\/wp-json\/wp\/v2\/types\/page"}],"author":[{"embeddable":true,"href":"https:\/\/www.afbrno.cz\/fr\/wp-json\/wp\/v2\/users\/3"}],"replies":[{"embeddable":true,"href":"https:\/\/www.afbrno.cz\/fr\/wp-json\/wp\/v2\/comments?post=32707"}],"version-history":[{"count":4,"href":"https:\/\/www.afbrno.cz\/fr\/wp-json\/wp\/v2\/pages\/32707\/revisions"}],"predecessor-version":[{"id":32734,"href":"https:\/\/www.afbrno.cz\/fr\/wp-json\/wp\/v2\/pages\/32707\/revisions\/32734"}],"wp:attachment":[{"href":"https:\/\/www.afbrno.cz\/fr\/wp-json\/wp\/v2\/media?parent=32707"}],"curies":[{"name":"wp","href":"https:\/\/api.w.org\/{rel}","templated":true}]}}