{"id":31896,"date":"2025-03-12T17:45:52","date_gmt":"2025-03-12T16:45:52","guid":{"rendered":"https:\/\/www.afbrno.cz\/?page_id=31896"},"modified":"2026-03-23T13:30:55","modified_gmt":"2026-03-23T12:30:55","slug":"cours-d-ete","status":"publish","type":"page","link":"https:\/\/www.afbrno.cz\/fr\/cours-d-ete\/","title":{"rendered":"COURS D&rsquo;\u00c9T\u00c9"},"content":{"rendered":"\n<h2 class=\"wp-block-heading\"><mark style=\"background-color:rgba(0, 0, 0, 0)\" class=\"has-inline-color has-color-text-color\">Offre de cours (2026)<\/mark><\/h2>\n\n\n\n<div class=\"wp-block-columns alignwide is-layout-flex wp-container-core-columns-is-layout-829b1d53 wp-block-columns-is-layout-flex\" style=\"margin-bottom:0\">\n<div class=\"wp-block-column has-text-color has-background has-link-color wp-elements-9bff1342caa4bd659f35777f9d852ded is-layout-flow wp-block-column-is-layout-flow\" style=\"color:#000000;background-color:#e7e7e7;padding-top:2em;padding-right:2em;padding-bottom:2em;padding-left:2em\">\n<h2 class=\"wp-block-heading has-text-align-center\" id=\"patron\" style=\"font-size:34px\">Cours d&rsquo;\u00e9t\u00e9 <strong>\u2013 juin<\/strong><\/h2>\n\n\n\n<div class=\"wp-block-buttons is-content-justification-center is-layout-flex wp-container-core-buttons-is-layout-16018d1d wp-block-buttons-is-layout-flex\">\n<div class=\"wp-block-button\"><a class=\"wp-block-button__link wp-element-button\" href=\"https:\/\/www.afbrno.cz\/kategorie-kurzu\/letni-kurzy-cerven\/\" target=\"_blank\" rel=\"noreferrer noopener\">offre de cours<\/a><\/div>\n<\/div>\n<\/div>\n\n\n\n<div class=\"wp-block-column has-text-color has-background has-link-color wp-elements-a3ceb59617ed4bbb64698404cfb9154f is-layout-flow wp-block-column-is-layout-flow\" style=\"color:#000000;background-color:#e7e7e7;padding-top:2em;padding-right:2em;padding-bottom:2em;padding-left:2em\">\n<h2 class=\"wp-block-heading has-text-align-center\" id=\"patron\" style=\"font-size:34px\"><strong>Cours d&rsquo;\u00e9t\u00e9 <strong>\u2013 juillet<\/strong><\/strong><\/h2>\n\n\n\n<div class=\"wp-block-buttons is-content-justification-center is-layout-flex wp-container-core-buttons-is-layout-16018d1d wp-block-buttons-is-layout-flex\">\n<div class=\"wp-block-button\"><a class=\"wp-block-button__link wp-element-button\" href=\"https:\/\/www.afbrno.cz\/kategorie-kurzu\/letni-kurzy-cervenec\/\" target=\"_blank\" rel=\"noreferrer noopener\">offre de cours<\/a><\/div>\n<\/div>\n<\/div>\n\n\n\n<div class=\"wp-block-column has-text-color has-background has-link-color wp-elements-d45ce3b6ecef153e29c11ffbd3ced14b is-layout-flow wp-block-column-is-layout-flow\" style=\"color:#000000;background-color:#e7e7e7;padding-top:2em;padding-right:2em;padding-bottom:2em;padding-left:2em\">\n<h2 class=\"wp-block-heading has-text-align-center\" id=\"patron\" style=\"font-size:34px\"><strong>Cours d&rsquo;\u00e9t\u00e9 <strong>\u2013 <\/strong><\/strong>ao\u00fbt<\/h2>\n\n\n\n<div class=\"wp-block-buttons is-content-justification-center is-layout-flex wp-container-core-buttons-is-layout-16018d1d wp-block-buttons-is-layout-flex\">\n<div class=\"wp-block-button\"><a class=\"wp-block-button__link wp-element-button\" href=\"https:\/\/www.afbrno.cz\/kategorie-kurzu\/letni-kurzy-srpen\/\" target=\"_blank\" rel=\"noreferrer noopener\">offre de cours<\/a><\/div>\n<\/div>\n<\/div>\n<\/div>\n\n\n\n<div class=\"wp-block-columns alignwide is-layout-flex wp-container-core-columns-is-layout-829b1d53 wp-block-columns-is-layout-flex\" style=\"margin-bottom:0\">\n<div class=\"wp-block-column has-text-color has-background has-link-color wp-elements-364083cdedef4d434a7239896f8c6307 is-layout-flow wp-block-column-is-layout-flow\" style=\"color:#000000;background-color:#e7e7e7;padding-top:2em;padding-right:2em;padding-bottom:2em;padding-left:2em\">\n<h2 class=\"wp-block-heading has-text-align-center\" id=\"patron\" style=\"font-size:34px\"><strong>Cours d&rsquo;\u00e9t\u00e9 \u2013 Tel\u010d<\/strong> (ao\u00fbt)<\/h2>\n\n\n\n<div class=\"wp-block-buttons is-content-justification-center is-layout-flex wp-container-core-buttons-is-layout-16018d1d wp-block-buttons-is-layout-flex\">\n<div class=\"wp-block-button\"><a class=\"wp-block-button__link wp-element-button\" href=\"https:\/\/www.afbrno.cz\/kategorie-kurzu\/letni-kurzy-telc\/\" target=\"_blank\" rel=\"noreferrer noopener\">offre de cours<\/a><\/div>\n<\/div>\n<\/div>\n\n\n\n<div class=\"wp-block-column has-text-color has-background has-link-color wp-elements-ecf32f628df12e6a6214ab64ac44b68f is-layout-flow wp-block-column-is-layout-flow\" style=\"color:#000000;background-color:#e7e7e7;padding-top:2em;padding-right:2em;padding-bottom:2em;padding-left:2em\">\n<h2 class=\"wp-block-heading has-text-align-center\" id=\"patron\" style=\"font-size:34px\"><strong>Junior 9-15 ans<\/strong> (juillet, ao\u00fbt)<\/h2>\n\n\n\n<div class=\"wp-block-buttons is-content-justification-center is-layout-flex wp-container-core-buttons-is-layout-16018d1d wp-block-buttons-is-layout-flex\">\n<div class=\"wp-block-button\"><a class=\"wp-block-button__link wp-element-button\" href=\"https:\/\/www.afbrno.cz\/letni-primestsky-tabor-kouzelny-les-broceliande\/\" target=\"_blank\" rel=\"noreferrer noopener\">offre de cours<\/a><\/div>\n<\/div>\n<\/div>\n\n\n\n<div class=\"wp-block-column has-text-color has-background has-link-color wp-elements-fd60d6ac672a05d12245697bae6559fd is-layout-flow wp-block-column-is-layout-flow\" style=\"color:#000000;background-color:#e7e7e7;padding-top:2em;padding-right:2em;padding-bottom:2em;padding-left:2em\">\n<h2 class=\"wp-block-heading has-text-align-center\" id=\"patron\" style=\"font-size:34px\">Cours d&rsquo;\u00e9t\u00e9 \u2013 septembre <\/h2>\n\n\n\n<div class=\"wp-block-buttons is-content-justification-center is-layout-flex wp-container-core-buttons-is-layout-16018d1d wp-block-buttons-is-layout-flex\">\n<div class=\"wp-block-button\"><a class=\"wp-block-button__link wp-element-button\" href=\"https:\/\/www.afbrno.cz\/kategorie-kurzu\/letni-kurzy-zari\/\" target=\"_blank\" rel=\"noreferrer noopener\">offre de cours<\/a><\/div>\n<\/div>\n<\/div>\n<\/div>\n","protected":false},"excerpt":{"rendered":"<p>Offre de cours (2026) Cours d&rsquo;\u00e9t\u00e9 \u2013 juin Cours d&rsquo;\u00e9t\u00e9 \u2013 juillet Cours d&rsquo;\u00e9t\u00e9 \u2013 ao\u00fbt Cours d&rsquo;\u00e9t\u00e9 \u2013 Tel\u010d (ao\u00fbt) Junior 9-15 ans (juillet, ao\u00fbt) Cours d&rsquo;\u00e9t\u00e9&#8230;<\/p>\n","protected":false},"author":3,"featured_media":0,"parent":0,"menu_order":0,"comment_status":"closed","ping_status":"closed","template":"","meta":{"_acf_changed":false,"footnotes":""},"class_list":["post-31896","page","type-page","status-publish","hentry"],"acf":[],"_links":{"self":[{"href":"https:\/\/www.afbrno.cz\/fr\/wp-json\/wp\/v2\/pages\/31896","targetHints":{"allow":["GET"]}}],"collection":[{"href":"https:\/\/www.afbrno.cz\/fr\/wp-json\/wp\/v2\/pages"}],"about":[{"href":"https:\/\/www.afbrno.cz\/fr\/wp-json\/wp\/v2\/types\/page"}],"author":[{"embeddable":true,"href":"https:\/\/www.afbrno.cz\/fr\/wp-json\/wp\/v2\/users\/3"}],"replies":[{"embeddable":true,"href":"https:\/\/www.afbrno.cz\/fr\/wp-json\/wp\/v2\/comments?post=31896"}],"version-history":[{"count":9,"href":"https:\/\/www.afbrno.cz\/fr\/wp-json\/wp\/v2\/pages\/31896\/revisions"}],"predecessor-version":[{"id":36313,"href":"https:\/\/www.afbrno.cz\/fr\/wp-json\/wp\/v2\/pages\/31896\/revisions\/36313"}],"wp:attachment":[{"href":"https:\/\/www.afbrno.cz\/fr\/wp-json\/wp\/v2\/media?parent=31896"}],"curies":[{"name":"wp","href":"https:\/\/api.w.org\/{rel}","templated":true}]}}