{"id":29818,"date":"2024-09-16T19:38:53","date_gmt":"2024-09-16T17:38:53","guid":{"rendered":"https:\/\/www.afbrno.cz\/?page_id=29818"},"modified":"2026-01-10T14:43:30","modified_gmt":"2026-01-10T13:43:30","slug":"formations-pour-professeurs","status":"publish","type":"page","link":"https:\/\/www.afbrno.cz\/fr\/formations-pour-professeurs\/","title":{"rendered":"Formations pour professeurs"},"content":{"rendered":"\n<div style=\"height:34px\" aria-hidden=\"true\" class=\"wp-block-spacer\"><\/div>\n\n\n\n<h3 class=\"wp-block-heading\"><mark style=\"background-color:rgba(0, 0, 0, 0)\" class=\"has-inline-color has-color-text-color\">Formations continues pour professeurs et \u00e9tudiants de FLE<\/mark><\/h3>\n\n\n\n<p>Offre de formations pendant l&rsquo;ann\u00e9e scolaire 2025-2026 :<\/p>\n\n\n\n<div class=\"wp-block-buttons is-layout-flex wp-block-buttons-is-layout-flex\">\n<div class=\"wp-block-button\"><a class=\"wp-block-button__link wp-element-button\" href=\"https:\/\/www.afbrno.cz\/fr\/formation-continue\/\" target=\"_blank\" rel=\"noreferrer noopener\">en savoir plus et inscriptions<\/a><\/div>\n<\/div>\n\n\n\n<div style=\"height:73px\" aria-hidden=\"true\" class=\"wp-block-spacer\"><\/div>\n\n\n\n<h3 class=\"wp-block-heading\"><mark style=\"background-color:rgba(0, 0, 0, 0)\" class=\"has-inline-color has-color-text-color\">Stages d&rsquo;habilitation DELF-DALF<\/mark><\/h3>\n\n\n\n<p>L&rsquo;Institut fran\u00e7ais de Prague organise des stages d&rsquo;habilitation (en g\u00e9n\u00e9ral deux fois par an) pour les professeurs de fran\u00e7ais qui souhaitent devenir examinateurs-correcteurs du DELF pour les niveaux A1 \u00e0 B1\/B2. Les examinateurs-correcteurs habilit\u00e9s DELF A1-B2 peuvent ensuite s&rsquo;inscrire au stage d&rsquo;habilitation DALF C1-C2.<\/p>\n\n\n\n<div class=\"wp-block-buttons is-layout-flex wp-block-buttons-is-layout-flex\">\n<div class=\"wp-block-button\"><a class=\"wp-block-button__link wp-element-button\" href=\"https:\/\/www.afbrno.cz\/fr\/devenir-examinateur-correcteur-delf-dalf\/\" target=\"_blank\" rel=\"noreferrer noopener\">en savoir plus et inscriptions<\/a><\/div>\n<\/div>\n","protected":false},"excerpt":{"rendered":"<p>Formations continues pour professeurs et \u00e9tudiants de FLE Offre de formations pendant l&rsquo;ann\u00e9e scolaire 2025-2026 : Stages d&rsquo;habilitation DELF-DALF L&rsquo;Institut fran\u00e7ais de Prague organise des stages d&rsquo;habilitation (en&#8230;<\/p>\n","protected":false},"author":3,"featured_media":0,"parent":0,"menu_order":0,"comment_status":"closed","ping_status":"closed","template":"","meta":{"_acf_changed":false,"footnotes":""},"class_list":["post-29818","page","type-page","status-publish","hentry"],"acf":[],"_links":{"self":[{"href":"https:\/\/www.afbrno.cz\/fr\/wp-json\/wp\/v2\/pages\/29818","targetHints":{"allow":["GET"]}}],"collection":[{"href":"https:\/\/www.afbrno.cz\/fr\/wp-json\/wp\/v2\/pages"}],"about":[{"href":"https:\/\/www.afbrno.cz\/fr\/wp-json\/wp\/v2\/types\/page"}],"author":[{"embeddable":true,"href":"https:\/\/www.afbrno.cz\/fr\/wp-json\/wp\/v2\/users\/3"}],"replies":[{"embeddable":true,"href":"https:\/\/www.afbrno.cz\/fr\/wp-json\/wp\/v2\/comments?post=29818"}],"version-history":[{"count":17,"href":"https:\/\/www.afbrno.cz\/fr\/wp-json\/wp\/v2\/pages\/29818\/revisions"}],"predecessor-version":[{"id":35521,"href":"https:\/\/www.afbrno.cz\/fr\/wp-json\/wp\/v2\/pages\/29818\/revisions\/35521"}],"wp:attachment":[{"href":"https:\/\/www.afbrno.cz\/fr\/wp-json\/wp\/v2\/media?parent=29818"}],"curies":[{"name":"wp","href":"https:\/\/api.w.org\/{rel}","templated":true}]}}