{"id":28719,"date":"2024-06-27T23:53:49","date_gmt":"2024-06-27T21:53:49","guid":{"rendered":"https:\/\/www.afbrno.cz\/?page_id=28719"},"modified":"2026-01-08T17:56:23","modified_gmt":"2026-01-08T16:56:23","slug":"anciens-concours","status":"publish","type":"page","link":"https:\/\/www.afbrno.cz\/fr\/anciens-concours\/","title":{"rendered":"Archives de concours r\u00e9alis\u00e9s"},"content":{"rendered":"\n<div style=\"height:60px\" aria-hidden=\"true\" class=\"wp-block-spacer\"><\/div>\n\n\n\n<ul class=\"wp-block-list\">\n<li><strong>2025 :<\/strong> <strong><a href=\"https:\/\/www.afbrno.cz\/fr\/concours-histoire-de-drak-et-minotte\/\" target=\"_blank\" rel=\"noreferrer noopener\">Histoire de Drak et Minott<\/a><\/strong><a href=\"https:\/\/www.afbrno.cz\/fr\/concours-histoire-de-drak-et-minotte\/\" target=\"_blank\" rel=\"noreferrer noopener\"><strong>e<\/strong><\/a> (concours d&rsquo;\u00e9criture et de dessin des \u00e9l\u00e8ves des \u00e9coles primaires et secondaires de Brno et de Rennes)<\/li>\n\n\n\n<li><strong>2025 : <a href=\"https:\/\/www.afbrno.cz\/le-defi-inter-alliances-2025\/\" target=\"_blank\" rel=\"noreferrer noopener\">Le D\u00c9FI Inter-Alliances<\/a><\/strong> (comp\u00e9tition interculturelles en ligne des Alliances Fran\u00e7aises)<\/li>\n\n\n\n<li><strong>2024 : <a href=\"https:\/\/www.afbrno.cz\/fr\/soutez-surrealisticke-hry-letni-olympiady-a-paralympiady-pariz-2024\/\" target=\"_blank\" rel=\"noreferrer noopener\">Jeux surr\u00e9alistes olympiques et paralympiques d&rsquo;\u00e9t\u00e9 Paris 2024<\/a><\/strong> (concours d&rsquo;arts plastiques des \u00e9l\u00e8ves des \u00e9coles primaires et secondaires de la R\u00e9gion Moravie du sud)<\/li>\n\n\n\n<li><strong>2023 : <a href=\"https:\/\/www.afbrno.cz\/fr\/soutez-osma-planeta-maleho-prince\/\" target=\"_blank\" rel=\"noreferrer noopener\">La huiti\u00e8me plan\u00e8te du Petit prince<\/a><\/strong> (concours d&rsquo;\u00e9criture et de dessin des \u00e9l\u00e8ves des \u00e9coles primaires et secondaires de la R\u00e9gion Moravie du sud)<\/li>\n<\/ul>\n\n\n\n<p><\/p>\n","protected":false},"excerpt":{"rendered":"","protected":false},"author":3,"featured_media":0,"parent":0,"menu_order":0,"comment_status":"closed","ping_status":"closed","template":"","meta":{"_acf_changed":false,"footnotes":""},"class_list":["post-28719","page","type-page","status-publish","hentry"],"acf":[],"_links":{"self":[{"href":"https:\/\/www.afbrno.cz\/fr\/wp-json\/wp\/v2\/pages\/28719","targetHints":{"allow":["GET"]}}],"collection":[{"href":"https:\/\/www.afbrno.cz\/fr\/wp-json\/wp\/v2\/pages"}],"about":[{"href":"https:\/\/www.afbrno.cz\/fr\/wp-json\/wp\/v2\/types\/page"}],"author":[{"embeddable":true,"href":"https:\/\/www.afbrno.cz\/fr\/wp-json\/wp\/v2\/users\/3"}],"replies":[{"embeddable":true,"href":"https:\/\/www.afbrno.cz\/fr\/wp-json\/wp\/v2\/comments?post=28719"}],"version-history":[{"count":20,"href":"https:\/\/www.afbrno.cz\/fr\/wp-json\/wp\/v2\/pages\/28719\/revisions"}],"predecessor-version":[{"id":35478,"href":"https:\/\/www.afbrno.cz\/fr\/wp-json\/wp\/v2\/pages\/28719\/revisions\/35478"}],"wp:attachment":[{"href":"https:\/\/www.afbrno.cz\/fr\/wp-json\/wp\/v2\/media?parent=28719"}],"curies":[{"name":"wp","href":"https:\/\/api.w.org\/{rel}","templated":true}]}}