{"id":28026,"date":"2024-04-15T18:57:50","date_gmt":"2024-04-15T16:57:50","guid":{"rendered":"https:\/\/web.afbrno.cz\/?page_id=28026"},"modified":"2024-06-17T16:31:26","modified_gmt":"2024-06-17T14:31:26","slug":"cecrl-niveau-b1","status":"publish","type":"page","link":"https:\/\/www.afbrno.cz\/fr\/cecrl-niveau-b1\/","title":{"rendered":"Niveau B1"},"content":{"rendered":"\n<div class=\"wp-block-columns is-layout-flex wp-container-core-columns-is-layout-9d6595d7 wp-block-columns-is-layout-flex\">\n<div class=\"wp-block-column is-layout-flow wp-block-column-is-layout-flow\" style=\"flex-basis:33.33%\">\n<figure class=\"wp-block-image size-full\"><img loading=\"lazy\" decoding=\"async\" width=\"560\" height=\"315\" src=\"https:\/\/www.afbrno.cz\/wp-content\/uploads\/2024\/06\/CECRL-niveau-B1.png\" alt=\"\" class=\"wp-image-28027\" title=\"\u00darove\u0148 B1\" srcset=\"https:\/\/www.afbrno.cz\/wp-content\/uploads\/2024\/06\/CECRL-niveau-B1.png 560w, https:\/\/www.afbrno.cz\/wp-content\/uploads\/2024\/06\/CECRL-niveau-B1-460x259.png 460w\" sizes=\"auto, (max-width: 560px) 100vw, 560px\" \/><\/figure>\n<\/div>\n\n\n\n<div class=\"wp-block-column is-layout-flow wp-block-column-is-layout-flow\" style=\"flex-basis:66.66%\">\n<h3 class=\"wp-block-heading\"><strong>Comprendre<\/strong><\/h3>\n\n\n\n<p><strong><strong>\u00c9couter<\/strong><\/strong> <strong>:\u00a0<\/strong>Je peux comprendre les points essentiels quand un langage clair et standard est utilis\u00e9 et s\u2019il s\u2019agit de sujets familiers concernant le travail, l\u2019\u00e9cole, les loisirs, etc. Je peux comprendre l&rsquo;essentiel de nombreuses \u00e9missions de radio ou de t\u00e9l\u00e9vision sur l&rsquo;actualit\u00e9 ou sur des sujets qui m\u2019int\u00e9ressent \u00e0 titre personnel ou professionnel si l\u2019on parle d&rsquo;une fa\u00e7on relativement lente et distincte.<br><strong><strong>Lire<\/strong><\/strong> <strong>:<\/strong>\u00a0Je peux comprendre des textes r\u00e9dig\u00e9s essentiellement dans une langue courante ou relative \u00e0 mon travail. Je peux comprendre la description d&rsquo;\u00e9v\u00e9nements, l&rsquo;expression de sentiments et de souhaits dans des lettres personnelles.<\/p>\n\n\n\n<p><\/p>\n\n\n\n<h3 class=\"wp-block-heading\"><strong><strong>Parler<\/strong><\/strong><\/h3>\n\n\n\n<p><strong><strong>Prendre part \u00e0 une conversation<\/strong><\/strong> <strong>:<\/strong>\u00a0Je peux faire face \u00e0 la majorit\u00e9 des situations que l&rsquo;on peut rencontrer au cours d&rsquo;un voyage dans une r\u00e9gion o\u00f9 la langue est parl\u00e9e. Je peux prendre part sans pr\u00e9paration \u00e0 une conversation sur des sujets familiers ou d&rsquo;int\u00e9r\u00eat personnel ou qui concernent la vie quotidienne (par exemple famille, loisirs, travail, voyage et actualit\u00e9).<br><strong><strong>S&rsquo;exprimer oralement en continu<\/strong><\/strong> <strong>:<\/strong> Je peux m\u2019exprimer de mani\u00e8re simple afin de raconter des exp\u00e9riences et des \u00e9v\u00e9nements, mes r\u00eaves, mes espoirs ou mes buts. Je peux bri\u00e8vement donner les raisons et explications de mes opinions ou projets. Je peux raconter une histoire ou l&rsquo;intrigue d&rsquo;un livre ou d&rsquo;un film et exprimer mes r\u00e9actions.<\/p>\n\n\n\n<p><\/p>\n\n\n\n<h3 class=\"wp-block-heading\"><strong><strong>\u00c9crire<\/strong><\/strong><\/h3>\n\n\n\n<p><strong><strong>\u00c9crire<\/strong><\/strong> <strong>:<\/strong>\u00a0Je peux \u00e9crire un texte simple et coh\u00e9rent sur des sujets familiers ou qui m\u2019int\u00e9ressent personnellement. Je peux \u00e9crire des lettres personnelles pour d\u00e9crire exp\u00e9riences et impressions.<\/p>\n<\/div>\n<\/div>\n\n\n\n<div style=\"height:60px\" aria-hidden=\"true\" class=\"wp-block-spacer\"><\/div>\n\n\n\n<p>Source : <em>Cadre europ\u00e9en commun de r\u00e9f\u00e9rence pour les langues : apprendre, enseigner, \u00e9valuer<\/em>, Unit\u00e9 des Politiques linguistiques, Strasbourg.<\/p>\n","protected":false},"excerpt":{"rendered":"<p>Comprendre \u00c9couter :\u00a0Je peux comprendre les points essentiels quand un langage clair et standard est utilis\u00e9 et s\u2019il s\u2019agit de sujets familiers concernant le travail, l\u2019\u00e9cole, les loisirs,&#8230;<\/p>\n","protected":false},"author":3,"featured_media":0,"parent":0,"menu_order":0,"comment_status":"closed","ping_status":"closed","template":"","meta":{"_acf_changed":false,"footnotes":""},"class_list":["post-28026","page","type-page","status-publish","hentry"],"acf":[],"_links":{"self":[{"href":"https:\/\/www.afbrno.cz\/fr\/wp-json\/wp\/v2\/pages\/28026","targetHints":{"allow":["GET"]}}],"collection":[{"href":"https:\/\/www.afbrno.cz\/fr\/wp-json\/wp\/v2\/pages"}],"about":[{"href":"https:\/\/www.afbrno.cz\/fr\/wp-json\/wp\/v2\/types\/page"}],"author":[{"embeddable":true,"href":"https:\/\/www.afbrno.cz\/fr\/wp-json\/wp\/v2\/users\/3"}],"replies":[{"embeddable":true,"href":"https:\/\/www.afbrno.cz\/fr\/wp-json\/wp\/v2\/comments?post=28026"}],"version-history":[{"count":6,"href":"https:\/\/www.afbrno.cz\/fr\/wp-json\/wp\/v2\/pages\/28026\/revisions"}],"predecessor-version":[{"id":28085,"href":"https:\/\/www.afbrno.cz\/fr\/wp-json\/wp\/v2\/pages\/28026\/revisions\/28085"}],"wp:attachment":[{"href":"https:\/\/www.afbrno.cz\/fr\/wp-json\/wp\/v2\/media?parent=28026"}],"curies":[{"name":"wp","href":"https:\/\/api.w.org\/{rel}","templated":true}]}}