{"id":27487,"date":"2024-05-10T18:57:06","date_gmt":"2024-05-10T16:57:06","guid":{"rendered":"https:\/\/web.afbrno.cz\/?page_id=27487"},"modified":"2025-05-30T05:53:48","modified_gmt":"2025-05-30T03:53:48","slug":"moravie-du-sud","status":"publish","type":"page","link":"https:\/\/www.afbrno.cz\/fr\/moravie-du-sud\/","title":{"rendered":"R\u00e9gion Moravie du sud"},"content":{"rendered":"\n<p>La R\u00e9gion Moravie du sud soutient l&rsquo;activit\u00e9 de l&rsquo;Alliance Fran\u00e7aise de Brno, notamment \u00e0 travers les projets suivants : <\/p>\n\n\n\n<figure class=\"wp-block-table is-style-stripes\"><table><tbody><tr><td><strong><mark style=\"background-color:rgba(0, 0, 0, 0)\" class=\"has-inline-color has-color-text-color\">Ann\u00e9e<\/mark><\/strong><\/td><td><strong><mark style=\"background-color:rgba(0, 0, 0, 0)\" class=\"has-inline-color has-color-text-color\">Intitul\u00e9 du projet<\/mark><\/strong><\/td><td><strong><mark style=\"background-color:rgba(0, 0, 0, 0)\" class=\"has-inline-color has-color-text-color\">Montant<\/mark><\/strong><\/td><\/tr><tr><td>2025<\/td><td>Bonjour Brno 2025<\/td><td>130 000 CZK<\/td><\/tr><tr><td>2024<\/td><td>Bonjour Brno 2024<\/td><td>130 000 CZK<\/td><\/tr><tr><td>2023<\/td><td>Bonjour Brno 2023<\/td><td>120 000 CZK<\/td><\/tr><tr><td>2022<\/td><td>Bonjour Brno 2022<\/td><td>45 000 CZK<\/td><\/tr><tr><td>2020<\/td><td>Festival Bonjour Brno 2020<\/td><td>69 658 CZK<\/td><\/tr><tr><td>2019<\/td><td>Udr\u017eiteln\u00e1 konkurenceschopnost pro francouzsk\u00fd jazyk v Jihomoravsk\u00e9m kraji<\/td><td>150 000 CZK<\/td><\/tr><tr><td>2019<\/td><td>Festival Bonjour Brno 2019<\/td><td>150 000 CZK<\/td><\/tr><tr><td>2018<\/td><td>Festival Bonjour Brno 2018<\/td><td>150 000 CZK<\/td><\/tr><tr><td>2017<\/td><td>Festival Bonjour Brno<\/td><td>150 000 CZK<\/td><\/tr><\/tbody><\/table><\/figure>\n\n\n\n<p><\/p>\n\n\n\n<figure class=\"wp-block-image size-large is-resized\"><img loading=\"lazy\" decoding=\"async\" width=\"1360\" height=\"326\" src=\"https:\/\/www.afbrno.cz\/wp-content\/uploads\/2023\/11\/Logo-JMK-1360x326.jpg\" alt=\"\" class=\"wp-image-6777\" style=\"width:312px;height:auto\" srcset=\"https:\/\/www.afbrno.cz\/wp-content\/uploads\/2023\/11\/Logo-JMK-1360x326.jpg 1360w, https:\/\/www.afbrno.cz\/wp-content\/uploads\/2023\/11\/Logo-JMK-460x110.jpg 460w, https:\/\/www.afbrno.cz\/wp-content\/uploads\/2023\/11\/Logo-JMK-768x184.jpg 768w\" sizes=\"auto, (max-width: 1360px) 100vw, 1360px\" \/><\/figure>\n","protected":false},"excerpt":{"rendered":"<p>La R\u00e9gion Moravie du sud soutient l&rsquo;activit\u00e9 de l&rsquo;Alliance Fran\u00e7aise de Brno, notamment \u00e0 travers les projets suivants : Ann\u00e9e Intitul\u00e9 du projet Montant 2025 Bonjour Brno 2025&#8230;<\/p>\n","protected":false},"author":3,"featured_media":0,"parent":0,"menu_order":0,"comment_status":"closed","ping_status":"closed","template":"","meta":{"_acf_changed":false,"footnotes":""},"class_list":["post-27487","page","type-page","status-publish","hentry"],"acf":[],"_links":{"self":[{"href":"https:\/\/www.afbrno.cz\/fr\/wp-json\/wp\/v2\/pages\/27487","targetHints":{"allow":["GET"]}}],"collection":[{"href":"https:\/\/www.afbrno.cz\/fr\/wp-json\/wp\/v2\/pages"}],"about":[{"href":"https:\/\/www.afbrno.cz\/fr\/wp-json\/wp\/v2\/types\/page"}],"author":[{"embeddable":true,"href":"https:\/\/www.afbrno.cz\/fr\/wp-json\/wp\/v2\/users\/3"}],"replies":[{"embeddable":true,"href":"https:\/\/www.afbrno.cz\/fr\/wp-json\/wp\/v2\/comments?post=27487"}],"version-history":[{"count":5,"href":"https:\/\/www.afbrno.cz\/fr\/wp-json\/wp\/v2\/pages\/27487\/revisions"}],"predecessor-version":[{"id":32516,"href":"https:\/\/www.afbrno.cz\/fr\/wp-json\/wp\/v2\/pages\/27487\/revisions\/32516"}],"wp:attachment":[{"href":"https:\/\/www.afbrno.cz\/fr\/wp-json\/wp\/v2\/media?parent=27487"}],"curies":[{"name":"wp","href":"https:\/\/api.w.org\/{rel}","templated":true}]}}