{"id":27476,"date":"2024-04-18T21:44:51","date_gmt":"2024-04-18T19:44:51","guid":{"rendered":"https:\/\/web.afbrno.cz\/?page_id=27476"},"modified":"2025-09-02T14:16:43","modified_gmt":"2025-09-02T12:16:43","slug":"devenir-membre","status":"publish","type":"page","link":"https:\/\/www.afbrno.cz\/fr\/devenir-membre\/","title":{"rendered":"Devenir membre"},"content":{"rendered":"\n<h3 class=\"wp-block-heading\">Pourquoi devenir membre de l\u2019Alliance Fran\u00e7aise de Brno&nbsp;?<\/h3>\n\n\n\n<div style=\"height:22px\" aria-hidden=\"true\" class=\"wp-block-spacer\"><\/div>\n\n\n\n<p>En devenant membre de l\u2019Alliance Fran\u00e7aise de Brno, <strong>vous soutenez une association de droit local \u00e0 but non lucratif<\/strong> qui contribue \u00e0 la diffusion de la langue fran\u00e7aise et des cultures fran\u00e7aise et francophones et \u00e0 l\u2019enrichissement des relations entre la France et la R\u00e9publique tch\u00e8que.<\/p>\n\n\n\n<p>En devenant membre de l\u2019Alliance Fran\u00e7aise de Brno, <strong>vous b\u00e9n\u00e9ficiez des avantages suivants<\/strong>&nbsp;:<\/p>\n\n\n\n<ul class=\"wp-block-list\">\n<li>&nbsp;inscription gratuite \u00e0 la m\u00e9diath\u00e8que de l\u2019Alliance Fran\u00e7aise de Brno<\/li>\n\n\n\n<li>&nbsp;d\u00e9livrance gratuite de notre&nbsp;<a href=\"https:\/\/www.afbrno.cz\/fr\/carte-de-fidelite-af-brno-partner\/\" target=\"_blank\" rel=\"noreferrer noopener\">carte de fid\u00e9lit\u00e9 Alliance Fran\u00e7aise Brno PARTNER<\/a><\/li>\n\n\n\n<li>&nbsp;tarifs pr\u00e9f\u00e9rentiels pour nos cours collectifs semestriels de fran\u00e7ais<\/li>\n<\/ul>\n\n\n\n<p><strong>Nous proposons trois types d\u2019adh\u00e9sion&nbsp;:&nbsp;<\/strong><\/p>\n\n\n\n<ul class=\"wp-block-list\">\n<li>&nbsp;membre adh\u00e9rent<\/li>\n\n\n\n<li>&nbsp;membre bienfaiteur (exon\u00e9r\u00e9 de paiement de cotisations mais peut contribuer financi\u00e8rement au fonctionnement de l\u2019AF)<\/li>\n\n\n\n<li>&nbsp;membre honoraire (exon\u00e9r\u00e9 de paiement de cotisations, d\u00e9sign\u00e9 comme tel par le Conseil d\u2019administration de l\u2019AF)<\/li>\n<\/ul>\n\n\n\n<p>L\u2019adh\u00e9sion \u00e0 l\u2019Alliance Fran\u00e7aise de Brno est valable 12 mois \u00e0 compter de la date du r\u00e8glement des cotisations (uniquement \u00ab&nbsp;membres adh\u00e9rents&nbsp;\u00bb). L\u2019adh\u00e9sion peut \u00eatre renouvel\u00e9e chaque ann\u00e9e.<\/p>\n\n\n\n<p>L\u2019adh\u00e9sion des membres \u00ab&nbsp;bienfaiteurs&nbsp;\u00bb ou des membres \u00ab&nbsp;honoraires&nbsp;\u00bb devient effective \u00e0 partir du versement d\u2019un don (pour les membres bienfaiteurs) ou de la d\u00e9cision du Conseil d\u2019administration (pour les membres honoraires).<\/p>\n\n\n\n<p>Tous les membres de l\u2019Alliance Fran\u00e7aise de Brno s\u2019engagent \u00e0 respecter&nbsp;<a href=\"https:\/\/www.afbrno.cz\/wp-content\/uploads\/2024\/04\/Stanovy-AF-Brno-07.11.2016.pdf\" target=\"_blank\" rel=\"noreferrer noopener\">les statuts<\/a>.<\/p>\n\n\n\n<div style=\"height:66px\" aria-hidden=\"true\" class=\"wp-block-spacer\"><\/div>\n\n\n\n<h3 class=\"wp-block-heading\">Comment devenir membre de l\u2019Alliance Fran\u00e7aise de Brno&nbsp;?<\/h3>\n\n\n\n<div style=\"height:22px\" aria-hidden=\"true\" class=\"wp-block-spacer\"><\/div>\n\n\n\n<p>C\u2019est facile&nbsp;! Il vous suffit de t\u00e9l\u00e9charger, remplir et signer&nbsp;<a href=\"https:\/\/www.afbrno.cz\/wp-content\/uploads\/2025\/09\/fiche_d_inscription_membre_AF_Brno.pdf\" target=\"_blank\" rel=\"noreferrer noopener\">la fiche d\u2019inscription<\/a>&nbsp;et l\u2019envoyer par e-mail \u00e0 l\u2019adresse&nbsp;<a href=\"mailto:info@afbrno.cz\">info@afbrno.cz<\/a>&nbsp;ou la remettre au secr\u00e9tariat de l\u02b9Alliance Fran\u00e7aise pendant&nbsp;<a href=\"https:\/\/www.afbrno.cz\/fr\/contact\/\" target=\"_blank\" rel=\"noreferrer noopener\">nos horaires d\u2019ouverture<\/a>.<\/p>\n\n\n\n<p>Les montants des cotisations annuelles sont les suivants (tarifs valables uniquement pour les \u00ab&nbsp;membres&nbsp;\u00bb)&nbsp;:<\/p>\n\n\n\n<ul class=\"wp-block-list\">\n<li>&nbsp;300 CZK (tarif plein)<\/li>\n\n\n\n<li>\u00a0200 CZK (\u00e9tudiants de moins de 26 ans, retrait\u00e9s 65+, ZTP\/P)<\/li>\n<\/ul>\n\n\n\n<p>Le r\u00e8glement des cotisations peut \u00eatre effectu\u00e9 en esp\u00e8ces au secr\u00e9tariat de l\u2019Alliance Fran\u00e7aise ou par virement bancaire sur le compte bancaire suivant&nbsp;:<\/p>\n\n\n\n<p><strong>N\u00b0&nbsp;de compte&nbsp;:<\/strong>&nbsp;26139641\/0100<br><strong>Variabiln\u00ed symbol&nbsp;:<\/strong>&nbsp;400<br><strong>Zpr\u00e1va pro p\u0159\u00edjemce&nbsp;:<\/strong>&nbsp;pour vous identifier, merci de pr\u00e9ciser votre&nbsp;<strong>pr\u00e9nom<\/strong>,&nbsp;<strong>nom<\/strong>&nbsp;et&nbsp;<strong>adresse e-mail<\/strong><\/p>\n\n\n\n<p><strong>A t\u00e9l\u00e9charger&nbsp;:&nbsp;<\/strong><\/p>\n\n\n\n<ul class=\"wp-block-list\">\n<li>&nbsp;<a href=\"https:\/\/www.afbrno.cz\/wp-content\/uploads\/2025\/09\/fiche_d_inscription_membre_AF_Brno.pdf\" target=\"_blank\" rel=\"noreferrer noopener\">fiche d\u2019inscription<\/a><\/li>\n<\/ul>\n","protected":false},"excerpt":{"rendered":"<p>Pourquoi devenir membre de l\u2019Alliance Fran\u00e7aise de Brno&nbsp;? En devenant membre de l\u2019Alliance Fran\u00e7aise de Brno, vous soutenez une association de droit local \u00e0 but non lucratif qui&#8230;<\/p>\n","protected":false},"author":3,"featured_media":0,"parent":0,"menu_order":0,"comment_status":"closed","ping_status":"closed","template":"","meta":{"_acf_changed":false,"footnotes":""},"class_list":["post-27476","page","type-page","status-publish","hentry"],"acf":[],"_links":{"self":[{"href":"https:\/\/www.afbrno.cz\/fr\/wp-json\/wp\/v2\/pages\/27476","targetHints":{"allow":["GET"]}}],"collection":[{"href":"https:\/\/www.afbrno.cz\/fr\/wp-json\/wp\/v2\/pages"}],"about":[{"href":"https:\/\/www.afbrno.cz\/fr\/wp-json\/wp\/v2\/types\/page"}],"author":[{"embeddable":true,"href":"https:\/\/www.afbrno.cz\/fr\/wp-json\/wp\/v2\/users\/3"}],"replies":[{"embeddable":true,"href":"https:\/\/www.afbrno.cz\/fr\/wp-json\/wp\/v2\/comments?post=27476"}],"version-history":[{"count":20,"href":"https:\/\/www.afbrno.cz\/fr\/wp-json\/wp\/v2\/pages\/27476\/revisions"}],"predecessor-version":[{"id":33287,"href":"https:\/\/www.afbrno.cz\/fr\/wp-json\/wp\/v2\/pages\/27476\/revisions\/33287"}],"wp:attachment":[{"href":"https:\/\/www.afbrno.cz\/fr\/wp-json\/wp\/v2\/media?parent=27476"}],"curies":[{"name":"wp","href":"https:\/\/api.w.org\/{rel}","templated":true}]}}